{"id":10227,"date":"2020-05-28T22:26:46","date_gmt":"2020-05-28T22:26:46","guid":{"rendered":"https:\/\/greenkidz.org\/bomen-zijn-belangrijk\/"},"modified":"2025-03-05T20:34:45","modified_gmt":"2025-03-05T20:34:45","slug":"bomen-zijn-belangrijk","status":"publish","type":"page","link":"https:\/\/greenkidz.org\/es\/programas-de-ensenanza\/bomen-zijn-belangrijk\/","title":{"rendered":"Los \u00e1rboles son importantes"},"content":{"rendered":"<p>[et_pb_section fb_built=&#8221;1&#8243; admin_label=&#8221;nieuws-kop-nieuw&#8221; module_class=&#8221;tab-wit&#8221; _builder_version=&#8221;4.27.4&#8243; background_color=&#8221;rgba(0,0,0,0)&#8221; background_color_gradient_direction=&#8221;90deg&#8221; background_enable_image=&#8221;off&#8221; background_position=&#8221;top_center&#8221; locked=&#8221;off&#8221; collapsed=&#8221;off&#8221; global_colors_info=&#8221;{}&#8221;][et_pb_row column_structure=&#8221;2_5,3_5&#8243; use_custom_gutter=&#8221;on&#8221; make_equal=&#8221;on&#8221; _builder_version=&#8221;4.27.4&#8243; width=&#8221;100%&#8221; max_width=&#8221;2560px&#8221; custom_padding=&#8221;||||false|false&#8221; global_colors_info=&#8221;{}&#8221;][et_pb_column type=&#8221;2_5&#8243; _builder_version=&#8221;4.27.4&#8243; background_image=&#8221;https:\/\/greenkidz.org\/wp-content\/uploads\/sites\/22\/2025\/02\/tab-links.png&#8221; background_position=&#8221;center_right&#8221; background_last_edited=&#8221;on|phone&#8221; background_image_phone=&#8221;\/wp-content\/uploads\/sites\/22\/2020\/09\/wit-tab-omlaag-mobiel.png&#8221; background_enable_image_phone=&#8221;on&#8221; background_position_tablet=&#8221;center_right&#8221; global_colors_info=&#8221;{}&#8221; title_text_phone=&#8221;wit-tab-omlaag-mobiel&#8221;][et_pb_text admin_label=&#8221;Text&#8221; module_class=&#8221;links&#8221; _builder_version=&#8221;4.16&#8243; global_colors_info=&#8221;{}&#8221;]<\/p>\n<h2>Green<strong>kidz<\/strong><\/h2>\n<p>[\/et_pb_text][\/et_pb_column][et_pb_column type=&#8221;3_5&#8243; disabled_on=&#8221;on|on|off&#8221; _builder_version=&#8221;4.27.4&#8243; background_enable_color=&#8221;off&#8221; background_image=&#8221;https:\/\/greenkidz.org\/wp-content\/uploads\/sites\/22\/2025\/02\/tab-rechts.png&#8221; global_colors_info=&#8221;{}&#8221;][\/et_pb_column][\/et_pb_row][\/et_pb_section][et_pb_section fb_built=&#8221;1&#8243; module_id=&#8221;grijs&#8221; module_class=&#8221;lesprogrammas&#8221; _builder_version=&#8221;4.16&#8243; global_colors_info=&#8221;{}&#8221;][et_pb_row column_structure=&#8221;1_3,1_3,1_3&#8243; use_custom_gutter=&#8221;on&#8221; gutter_width=&#8221;3&#8243; _builder_version=&#8221;4.16&#8243; global_colors_info=&#8221;{}&#8221;][et_pb_column type=&#8221;1_3&#8243; _builder_version=&#8221;4.16&#8243; global_colors_info=&#8221;{}&#8221;][et_pb_text admin_label=&#8221;lesmaterialen&#8221; _builder_version=&#8221;4.16&#8243; background_color_gradient_direction=&#8221;90deg&#8221; custom_padding=&#8221;||||false|false&#8221; saved_tabs=&#8221;all&#8221; global_colors_info=&#8221;{}&#8221;]<\/p>\n<h4>Grupo destinatario<\/h4>\n<h3>Los \u00e1rboles son importantes<\/h3>\n<h4> <\/h4>\n<h4>Grupo destinatario<\/h4>\n<p>De 9 a 12 a\u00f1os<\/p>\n<h4>Objetivos de aprendizaje<\/h4>\n<p>Este programa did\u00e1ctico trata sobre los \u00e1rboles (aut\u00f3ctonos). Ense\u00f1a a los ni\u00f1os por qu\u00e9 los \u00e1rboles son importantes y especiales y muestra c\u00f3mo, a trav\u00e9s de los tiempos, los \u00e1rboles han contribuido a la calidad de vida en nuestra isla y al disfrute de nuestros isle\u00f1os.<\/p>\n<h4>Material did\u00e1ctico<\/h4>\n<p>El material did\u00e1ctico de este programa a\u00fan est\u00e1 en fase de desarrollo. De momento, tienes a tu disposici\u00f3n una presentaci\u00f3n en PowerPoint con muchas im\u00e1genes, pel\u00edculas y canciones, fichas de instrucciones para cinco estaciones de investigaci\u00f3n y un v\u00eddeo de la puesta en pr\u00e1ctica de nuestro primer proyecto piloto.<\/p>\n<p>[\/et_pb_text][\/et_pb_column][et_pb_column type=&#8221;1_3&#8243; module_class=&#8221;materialen&#8221; _builder_version=&#8221;4.16&#8243; global_colors_info=&#8221;{}&#8221;][et_pb_text disabled_on=&#8221;off|off|off&#8221; admin_label=&#8221;1&#8243; _builder_version=&#8221;4.16&#8243; global_colors_info=&#8221;{}&#8221;]<\/p>\n<h6>1<\/h6>\n<p><strong>Presentaci\u00f3n en PowerPoint<\/strong> <em>Los \u00e1rboles son importantes y especiales<\/em> <\/p>\n<p><a href=\"\/wp-content\/uploads\/sites\/22\/2020\/09\/Bomen_zijn_belangrijk_V6_final.pptx\" target=\"_blank\" rel=\"noopener noreferrer\"><img loading=\"lazy\" decoding=\"async\" class=\"wp-image-3837 alignnone \" src=\"\/wp-content\/uploads\/sites\/22\/2020\/09\/Bomen-zijn-belangrijk-300x170.jpg\" alt=\"\" width=\"251\" height=\"142\"><\/a><\/p>\n<p>[\/et_pb_text][et_pb_text disabled_on=&#8221;off|off|off&#8221; admin_label=&#8221;2&#8243; _builder_version=&#8221;4.16&#8243; global_colors_info=&#8221;{}&#8221;]<\/p>\n<h6>2<\/h6>\n<p><strong>Tarjetas de instrucciones<\/strong> <em>Instrucciones para las estaciones de investigaci\u00f3n <span style=\"color: #ff0000;\"><strong>NL \/ PAP<\/strong><\/span><\/em><\/p>\n<p><a href=\"\/wp-content\/uploads\/sites\/22\/2020\/09\/BzB-Onderzoek-Stations.pdf\" target=\"_blank\" rel=\"noopener noreferrer\"><img loading=\"lazy\" decoding=\"async\" class=\"wp-image-3843 alignnone \" src=\"\/wp-content\/uploads\/sites\/22\/2020\/09\/BzB-Onderzoek-Stations-300x169.jpg\" alt=\"\" width=\"250\" height=\"141\"><\/a><a href=\"\/wp-content\/uploads\/sites\/22\/2020\/09\/BzB-onderzoeks-formulier-Ned.pdf\" target=\"_blank\" rel=\"noopener noreferrer\">   <\/a><\/p>\n<p><strong>Tarjetas de <\/strong><em>instrucciones <span style=\"color: #ff0000;\"><strong>NL \/ PAP<\/strong><\/span><\/em><\/p>\n<p><a href=\"\/wp-content\/uploads\/sites\/22\/2020\/09\/BzB-onderzoeks-formulier-Ned.pdf\" target=\"_blank\" rel=\"noopener noreferrer\"><img loading=\"lazy\" decoding=\"async\" class=\"wp-image-3839 alignnone \" src=\"\/wp-content\/uploads\/sites\/22\/2020\/09\/BzB-onderzoeks-formulier-Ned-300x212.jpg\" alt=\"\" width=\"200\" height=\"141\"><\/a>    <a href=\"\/wp-content\/uploads\/sites\/22\/2020\/09\/BzB-onderzoeks-formulier-pap.pdf\" target=\"_blank\" rel=\"noopener noreferrer\"><img loading=\"lazy\" decoding=\"async\" class=\"wp-image-3841 alignnone \" src=\"\/wp-content\/uploads\/sites\/22\/2020\/09\/BzB-onderzoeks-formulier-pap-300x212.jpg\" alt=\"\" width=\"200\" height=\"141\"><\/a><\/p>\n<p>[\/et_pb_text][\/et_pb_column][et_pb_column type=&#8221;1_3&#8243; module_class=&#8221;materialen&#8221; _builder_version=&#8221;4.16&#8243; global_colors_info=&#8221;{}&#8221;][et_pb_text disabled_on=&#8221;off|off|off&#8221; admin_label=&#8221;3&#8243; _builder_version=&#8221;4.16&#8243; global_colors_info=&#8221;{}&#8221;]<\/p>\n<h6>3<\/h6>\n<p><strong>V\u00eddeo<\/strong> <em>Los \u00e1rboles importan<\/em><\/p>\n<p><iframe loading=\"lazy\" title=\"Trees Matter! GreenKidz Pilot Project\" width=\"1080\" height=\"608\" src=\"https:\/\/www.youtube.com\/embed\/kFvU4GZQJAM?feature=oembed\"  allow=\"accelerometer; autoplay; clipboard-write; encrypted-media; gyroscope; picture-in-picture; web-share\" referrerpolicy=\"strict-origin-when-cross-origin\" allowfullscreen><\/iframe><\/p>\n<p><strong>V\u00eddeo<\/strong> <em>La canci\u00f3n del \u00e1rbol de Ken Medema<\/em><\/p>\n<p><iframe loading=\"lazy\" title=\"The Tree Song by Ken Medema in video scribe\" width=\"1080\" height=\"608\" src=\"https:\/\/www.youtube.com\/embed\/AxEeRz9AI1w?feature=oembed\"  allow=\"accelerometer; autoplay; clipboard-write; encrypted-media; gyroscope; picture-in-picture; web-share\" referrerpolicy=\"strict-origin-when-cross-origin\" allowfullscreen><\/iframe><\/p>\n<p><strong>V\u00eddeo<\/strong> <em>Plantar 20.000.000 de \u00e1rboles<\/em><\/p>\n<p><iframe loading=\"lazy\" title=\"Planting 20,000,000 Trees, My Biggest Project Ever!\" width=\"1080\" height=\"608\" src=\"https:\/\/www.youtube.com\/embed\/HPJKxAhLw5I?feature=oembed\"  allow=\"accelerometer; autoplay; clipboard-write; encrypted-media; gyroscope; picture-in-picture; web-share\" referrerpolicy=\"strict-origin-when-cross-origin\" allowfullscreen><\/iframe><\/p>\n<p>[\/et_pb_text][\/et_pb_column][\/et_pb_row][\/et_pb_section][et_pb_section fb_built=&#8221;1&#8243; module_id=&#8221;grijs&#8221; module_class=&#8221;gebruiksrecht&#8221; _builder_version=&#8221;4.16&#8243; custom_margin=&#8221;||||false|false&#8221; custom_padding=&#8221;50px||||false|false&#8221; global_colors_info=&#8221;{}&#8221;][et_pb_row _builder_version=&#8221;4.16&#8243; global_colors_info=&#8221;{}&#8221;][et_pb_column type=&#8221;4_4&#8243; _builder_version=&#8221;4.16&#8243; global_colors_info=&#8221;{}&#8221;][et_pb_text _builder_version=&#8221;4.16&#8243; text_font_size=&#8221;10px&#8221; global_colors_info=&#8221;{}&#8221;]<\/p>\n<p>\u00a9 El material did\u00e1ctico de GreenKidz no puede utilizarse con fines comerciales sin el permiso previo de sus creadores.<\/p>\n<p>[\/et_pb_text][\/et_pb_column][\/et_pb_row][\/et_pb_section]<\/p>\n","protected":false},"excerpt":{"rendered":"<p>GreenkidzGrupo destinatario Los \u00e1rboles son importantes Grupo destinatario De 9 a 12 a\u00f1os Objetivos de aprendizaje Este programa did\u00e1ctico trata sobre los \u00e1rboles (aut\u00f3ctonos). Ense\u00f1a a los ni\u00f1os por qu\u00e9 los \u00e1rboles son importantes y especiales y muestra c\u00f3mo, a trav\u00e9s de los tiempos, los \u00e1rboles han contribuido a la calidad de vida en nuestra [&hellip;]<\/p>\n","protected":false},"author":6,"featured_media":0,"parent":10232,"menu_order":30,"comment_status":"closed","ping_status":"closed","template":"","meta":{"_et_pb_use_builder":"on","_et_pb_old_content":"","_et_gb_content_width":"","footnotes":""},"class_list":["post-10227","page","type-page","status-publish","hentry"],"_links":{"self":[{"href":"https:\/\/greenkidz.org\/es\/wp-json\/wp\/v2\/pages\/10227","targetHints":{"allow":["GET"]}}],"collection":[{"href":"https:\/\/greenkidz.org\/es\/wp-json\/wp\/v2\/pages"}],"about":[{"href":"https:\/\/greenkidz.org\/es\/wp-json\/wp\/v2\/types\/page"}],"author":[{"embeddable":true,"href":"https:\/\/greenkidz.org\/es\/wp-json\/wp\/v2\/users\/6"}],"replies":[{"embeddable":true,"href":"https:\/\/greenkidz.org\/es\/wp-json\/wp\/v2\/comments?post=10227"}],"version-history":[{"count":0,"href":"https:\/\/greenkidz.org\/es\/wp-json\/wp\/v2\/pages\/10227\/revisions"}],"up":[{"embeddable":true,"href":"https:\/\/greenkidz.org\/es\/wp-json\/wp\/v2\/pages\/10232"}],"wp:attachment":[{"href":"https:\/\/greenkidz.org\/es\/wp-json\/wp\/v2\/media?parent=10227"}],"curies":[{"name":"wp","href":"https:\/\/api.w.org\/{rel}","templated":true}]}}