{"id":10230,"date":"2020-05-28T22:25:58","date_gmt":"2020-05-28T22:25:58","guid":{"rendered":"https:\/\/greenkidz.org\/lavamanos-campeon\/"},"modified":"2025-03-05T20:29:55","modified_gmt":"2025-03-05T20:29:55","slug":"lavamanos-campeon","status":"publish","type":"page","link":"https:\/\/greenkidz.org\/es\/programas-de-ensenanza\/lavamanos-campeon\/","title":{"rendered":"Campe\u00f3n del lavado de manos"},"content":{"rendered":"<p>[et_pb_section fb_built=&#8221;1&#8243; admin_label=&#8221;nieuws-kop-nieuw&#8221; module_class=&#8221;tab-wit&#8221; _builder_version=&#8221;4.27.4&#8243; background_color=&#8221;rgba(0,0,0,0)&#8221; background_color_gradient_direction=&#8221;90deg&#8221; background_enable_image=&#8221;off&#8221; background_position=&#8221;top_center&#8221; locked=&#8221;off&#8221; collapsed=&#8221;off&#8221; global_colors_info=&#8221;{}&#8221;][et_pb_row column_structure=&#8221;2_5,3_5&#8243; use_custom_gutter=&#8221;on&#8221; make_equal=&#8221;on&#8221; _builder_version=&#8221;4.27.4&#8243; width=&#8221;100%&#8221; max_width=&#8221;2560px&#8221; custom_padding=&#8221;||||false|false&#8221; global_colors_info=&#8221;{}&#8221;][et_pb_column type=&#8221;2_5&#8243; _builder_version=&#8221;4.27.4&#8243; background_image=&#8221;https:\/\/greenkidz.org\/wp-content\/uploads\/sites\/22\/2025\/02\/tab-links.png&#8221; background_position=&#8221;center_right&#8221; background_last_edited=&#8221;on|phone&#8221; background_image_phone=&#8221;\/wp-content\/uploads\/sites\/22\/2020\/09\/wit-tab-omlaag-mobiel.png&#8221; background_enable_image_phone=&#8221;on&#8221; background_position_tablet=&#8221;center_right&#8221; global_colors_info=&#8221;{}&#8221; title_text_phone=&#8221;wit-tab-omlaag-mobiel&#8221;][et_pb_text admin_label=&#8221;Text&#8221; module_class=&#8221;links&#8221; _builder_version=&#8221;4.16&#8243; global_colors_info=&#8221;{}&#8221;]<\/p>\n<h2>Green<strong>kidz<\/strong><\/h2>\n<p>[\/et_pb_text][\/et_pb_column][et_pb_column type=&#8221;3_5&#8243; disabled_on=&#8221;on|on|off&#8221; _builder_version=&#8221;4.27.4&#8243; background_enable_color=&#8221;off&#8221; background_image=&#8221;https:\/\/greenkidz.org\/wp-content\/uploads\/sites\/22\/2025\/02\/tab-rechts.png&#8221; global_colors_info=&#8221;{}&#8221;][\/et_pb_column][\/et_pb_row][\/et_pb_section][et_pb_section fb_built=&#8221;1&#8243; module_id=&#8221;grijs&#8221; module_class=&#8221;lesprogrammas&#8221; _builder_version=&#8221;4.16&#8243; global_colors_info=&#8221;{}&#8221;][et_pb_row column_structure=&#8221;1_3,1_3,1_3&#8243; use_custom_gutter=&#8221;on&#8221; gutter_width=&#8221;3&#8243; _builder_version=&#8221;4.16&#8243; global_colors_info=&#8221;{}&#8221;][et_pb_column type=&#8221;1_3&#8243; _builder_version=&#8221;4.16&#8243; global_colors_info=&#8221;{}&#8221;][et_pb_text admin_label=&#8221;lesmaterialen&#8221; _builder_version=&#8221;4.16&#8243; background_color_gradient_direction=&#8221;90deg&#8221; custom_padding=&#8221;||||false|false&#8221; saved_tabs=&#8221;all&#8221; global_colors_info=&#8221;{}&#8221;]<\/p>\n<h4>Plan de estudios<\/h4>\n<h3>Todo el mundo es un campe\u00f3n del lavado de manos<\/h3>\n<h4> <\/h4>\n<h4>Grupo destinatario<\/h4>\n<p>De 4 a 8 a\u00f1os<\/p>\n<h4>Objetivos de aprendizaje<\/h4>\n<p>Este programa de ense\u00f1anza trata sobre la higiene personal. Ense\u00f1a a los ni\u00f1os cu\u00e1ndo deben lavarse las manos y c\u00f3mo pueden hacerlo correctamente en pasos l\u00f3gicos. As\u00ed podr\u00e1n protegerse mejor contra sustancias nocivas y enfermedades.<\/p>\n<h4>Material did\u00e1ctico<\/h4>\n<p>Este material did\u00e1ctico consta de carteles con instrucciones, tarjetas que hay que colocar en el orden correcto, dibujos para colorear, un juego de memoria y un certificado para el alumno.<\/p>\n<p>[\/et_pb_text][\/et_pb_column][et_pb_column type=&#8221;1_3&#8243; module_class=&#8221;materialen&#8221; _builder_version=&#8221;4.16&#8243; global_colors_info=&#8221;{}&#8221;][et_pb_text admin_label=&#8221;1&#8243; _builder_version=&#8221;4.16&#8243; global_colors_info=&#8221;{}&#8221;]<\/p>\n<h6>1<\/h6>\n<p><strong>P\u00f3ster<\/strong> <em>\u00bfC\u00f3mo me lavo las manos?<\/em><\/p>\n<p><a href=\"\/wp-content\/uploads\/sites\/22\/2020\/06\/poster-hoe-was-ik-mijn-handen.pdf\"><img loading=\"lazy\" decoding=\"async\" class=\"wp-image-858 alignnone size-medium\" src=\"\/wp-content\/uploads\/sites\/22\/2020\/06\/poster-hoe-was-ik-mijn-handen-300x212.jpg\" alt=\"\" width=\"300\" height=\"212\" srcset=\"https:\/\/greenkidz.org\/wp-content\/uploads\/sites\/22\/2020\/06\/poster-hoe-was-ik-mijn-handen-300x212.jpg 300w, https:\/\/greenkidz.org\/wp-content\/uploads\/sites\/22\/2020\/06\/poster-hoe-was-ik-mijn-handen.jpg 396w\" sizes=\"(max-width: 300px) 100vw, 300px\" \/><\/a><\/p>\n<p>[\/et_pb_text][et_pb_text _builder_version=&#8221;4.16&#8243; global_colors_info=&#8221;{}&#8221;]<\/p>\n<h6>2<\/h6>\n<p><strong>P\u00f3ster<\/strong> <em>\u00bfCu\u00e1ndo me lavo las manos?<\/em><\/p>\n<p><a href=\"\/wp-content\/uploads\/sites\/22\/2020\/06\/poster-wanneer-was-ik-mijn-handen.pdf\" target=\"_blank\" rel=\"noopener noreferrer\"><img loading=\"lazy\" decoding=\"async\" class=\"wp-image-854 alignnone \" src=\"\/wp-content\/uploads\/sites\/22\/2020\/06\/Handen-wassen-certifikaat-300x212.jpg\" alt=\"\" width=\"236\" height=\"167\" srcset=\"https:\/\/greenkidz.org\/wp-content\/uploads\/sites\/22\/2020\/06\/Handen-wassen-certifikaat-300x212.jpg 300w, https:\/\/greenkidz.org\/wp-content\/uploads\/sites\/22\/2020\/06\/Handen-wassen-certifikaat.jpg 397w\" sizes=\"(max-width: 236px) 100vw, 236px\" \/><\/a><\/p>\n<p>[\/et_pb_text][et_pb_text admin_label=&#8221;3&#8243; _builder_version=&#8221;4.16&#8243; global_colors_info=&#8221;{}&#8221;]<\/p>\n<h6>3<\/h6>\n<p><strong>Fichas de orden<\/strong> <em>Los cinco pasos para lavarse las manos<\/em><\/p>\n<p><a href=\"\/wp-content\/uploads\/sites\/22\/2020\/06\/handen-wassen-kaart-1.pdf\"><img loading=\"lazy\" decoding=\"async\" class=\"wp-image-874 alignnone \" src=\"\/wp-content\/uploads\/sites\/22\/2020\/06\/handen-wassen-kaart-1-212x300.jpg\" alt=\"\" width=\"91\" height=\"129\" srcset=\"https:\/\/greenkidz.org\/wp-content\/uploads\/sites\/22\/2020\/06\/handen-wassen-kaart-1-212x300.jpg 212w, https:\/\/greenkidz.org\/wp-content\/uploads\/sites\/22\/2020\/06\/handen-wassen-kaart-1.jpg 280w\" sizes=\"(max-width: 91px) 100vw, 91px\" \/><\/a> <a href=\"\/wp-content\/uploads\/sites\/22\/2020\/06\/handen-wassen-kaart-2.pdf\"><img loading=\"lazy\" decoding=\"async\" class=\"wp-image-875 alignnone \" src=\"\/wp-content\/uploads\/sites\/22\/2020\/06\/handen-wassen-kaart-2-212x300.jpg\" alt=\"\" width=\"92\" height=\"130\" srcset=\"https:\/\/greenkidz.org\/wp-content\/uploads\/sites\/22\/2020\/06\/handen-wassen-kaart-2-212x300.jpg 212w, https:\/\/greenkidz.org\/wp-content\/uploads\/sites\/22\/2020\/06\/handen-wassen-kaart-2.jpg 280w\" sizes=\"(max-width: 92px) 100vw, 92px\" \/><\/a> <a href=\"\/wp-content\/uploads\/sites\/22\/2020\/06\/handen-wassen-kaart-3.pdf\"><img loading=\"lazy\" decoding=\"async\" class=\"wp-image-876 alignnone \" src=\"\/wp-content\/uploads\/sites\/22\/2020\/06\/handen-wassen-kaart-3-212x300.jpg\" alt=\"\" width=\"92\" height=\"130\" srcset=\"https:\/\/greenkidz.org\/wp-content\/uploads\/sites\/22\/2020\/06\/handen-wassen-kaart-3-212x300.jpg 212w, https:\/\/greenkidz.org\/wp-content\/uploads\/sites\/22\/2020\/06\/handen-wassen-kaart-3.jpg 280w\" sizes=\"(max-width: 92px) 100vw, 92px\" \/><\/a><\/p>\n<p><a href=\"\/wp-content\/uploads\/sites\/22\/2020\/06\/handen-wassen-kaart-4.pdf\"><img loading=\"lazy\" decoding=\"async\" class=\"wp-image-877 alignnone \" src=\"\/wp-content\/uploads\/sites\/22\/2020\/06\/handen-wassen-kaart-4-212x300.jpg\" alt=\"\" width=\"92\" height=\"130\" srcset=\"https:\/\/greenkidz.org\/wp-content\/uploads\/sites\/22\/2020\/06\/handen-wassen-kaart-4-212x300.jpg 212w, https:\/\/greenkidz.org\/wp-content\/uploads\/sites\/22\/2020\/06\/handen-wassen-kaart-4.jpg 280w\" sizes=\"(max-width: 92px) 100vw, 92px\" \/><\/a> <a href=\"\/wp-content\/uploads\/sites\/22\/2020\/06\/handen-wassen-kaart-5.pdf\"><img loading=\"lazy\" decoding=\"async\" class=\"wp-image-878 alignnone \" src=\"\/wp-content\/uploads\/sites\/22\/2020\/06\/handen-wassen-kaart-5-212x300.jpg\" alt=\"\" width=\"92\" height=\"130\" srcset=\"https:\/\/greenkidz.org\/wp-content\/uploads\/sites\/22\/2020\/06\/handen-wassen-kaart-5-212x300.jpg 212w, https:\/\/greenkidz.org\/wp-content\/uploads\/sites\/22\/2020\/06\/handen-wassen-kaart-5.jpg 280w\" sizes=\"(max-width: 92px) 100vw, 92px\" \/><\/a><\/p>\n<p>[\/et_pb_text][et_pb_text _builder_version=&#8221;4.16&#8243; global_colors_info=&#8221;{}&#8221;]<\/p>\n<h6>4<\/h6>\n<p><strong>L\u00e1minas para colorear<\/strong> <em>Lavarse las manos en 5 pasos<\/em><\/p>\n<p><a href=\"\/wp-content\/uploads\/sites\/22\/2020\/06\/Handen-wassen-Kleurplaat-2.pdf\" target=\"_blank\" rel=\"noopener noreferrer\"><img loading=\"lazy\" decoding=\"async\" class=\"wp-image-893 alignnone \" src=\"\/wp-content\/uploads\/sites\/22\/2020\/06\/Handen-wassen-Kleurplaat-2.jpg\" alt=\"\" width=\"130\" height=\"92\"><\/a> <a href=\"\/wp-content\/uploads\/sites\/22\/2020\/06\/Handen-wassen-Kleurplaat-3.pdf\" target=\"_blank\" rel=\"noopener noreferrer\"><img loading=\"lazy\" decoding=\"async\" class=\"wp-image-895 alignnone \" src=\"\/wp-content\/uploads\/sites\/22\/2020\/06\/Handen-wassen-Kleurplaat-3.jpg\" alt=\"\" width=\"130\" height=\"91\"><\/a><\/p>\n<p><a href=\"\/wp-content\/uploads\/sites\/22\/2020\/06\/Handen-wassen-Kleurplaat-5.pdf\" target=\"_blank\" rel=\"noopener noreferrer\"><img loading=\"lazy\" decoding=\"async\" class=\"wp-image-899 alignnone \" src=\"\/wp-content\/uploads\/sites\/22\/2020\/06\/Handen-wassen-Kleurplaat-5.jpg\" alt=\"\" width=\"130\" height=\"93\"><\/a> <a href=\"\/wp-content\/uploads\/sites\/22\/2020\/06\/Handen-wassen-Kleurplaat-7.pdf\" target=\"_blank\" rel=\"noopener noreferrer\"><img loading=\"lazy\" decoding=\"async\" class=\"wp-image-903 alignnone \" src=\"\/wp-content\/uploads\/sites\/22\/2020\/06\/Handen-wassen-Kleurplaat-7.jpg\" alt=\"\" width=\"130\" height=\"93\"><\/a><\/p>\n<p><a href=\"\/wp-content\/uploads\/sites\/22\/2020\/06\/Handen-wassen-Kleurplaat-9.pdf\" target=\"_blank\" rel=\"noopener noreferrer\"><img loading=\"lazy\" decoding=\"async\" class=\"wp-image-907 alignnone \" src=\"\/wp-content\/uploads\/sites\/22\/2020\/06\/Handen-wassen-Kleurplaat-9.jpg\" alt=\"\" width=\"130\" height=\"93\"><\/a><\/p>\n<p>[\/et_pb_text][\/et_pb_column][et_pb_column type=&#8221;1_3&#8243; module_class=&#8221;materialen&#8221; _builder_version=&#8221;4.16&#8243; global_colors_info=&#8221;{}&#8221;][et_pb_text _builder_version=&#8221;4.16&#8243; global_colors_info=&#8221;{}&#8221;]<\/p>\n<h6>5<\/h6>\n<p><strong>L\u00e1minas de colores<\/strong> <em>Lavarse las manos en el momento adecuado<\/em><\/p>\n<p><a href=\"\/wp-content\/uploads\/sites\/22\/2020\/06\/Handen-wassen-Kleurplaat-1.pdf\" target=\"_blank\" rel=\"noopener noreferrer\"><img loading=\"lazy\" decoding=\"async\" class=\"wp-image-897 alignnone \" src=\"\/wp-content\/uploads\/sites\/22\/2020\/06\/Handen-wassen-Kleurplaat-1.jpg\" alt=\"\" width=\"130\" height=\"92\"><\/a> <a href=\"\/wp-content\/uploads\/sites\/22\/2020\/06\/Handen-wassen-Kleurplaat-4.pdf\" target=\"_blank\" rel=\"noopener noreferrer\"><img loading=\"lazy\" decoding=\"async\" class=\"wp-image-901 alignnone \" src=\"\/wp-content\/uploads\/sites\/22\/2020\/06\/Handen-wassen-Kleurplaat-4.jpg\" alt=\"\" width=\"130\" height=\"92\"><\/a> <a href=\"\/wp-content\/uploads\/sites\/22\/2020\/06\/Handen-wassen-Kleurplaat-6.pdf\" target=\"_blank\" rel=\"noopener noreferrer\"><img loading=\"lazy\" decoding=\"async\" class=\"wp-image-897 alignnone \" src=\"\/wp-content\/uploads\/sites\/22\/2020\/06\/Handen-wassen-Kleurplaat-6.jpg\" alt=\"\" width=\"130\" height=\"92\"><\/a> <a href=\"\/wp-content\/uploads\/sites\/22\/2020\/06\/Handen-wassen-Kleurplaat-8.pdf\" target=\"_blank\" rel=\"noopener noreferrer\"><img loading=\"lazy\" decoding=\"async\" class=\"wp-image-901 alignnone \" src=\"\/wp-content\/uploads\/sites\/22\/2020\/06\/Handen-wassen-Kleurplaat-8.jpg\" alt=\"\" width=\"130\" height=\"92\"><\/a>[\/et_pb_text][et_pb_text _builder_version=&#8221;4.16&#8243; global_colors_info=&#8221;{}&#8221;]<\/p>\n<h6>6<\/h6>\n<p><strong>Juego de memoria<\/strong> <em>lavarse las manos<\/em><\/p>\n<p><a href=\"\/wp-content\/uploads\/sites\/22\/2020\/06\/Handen-wassen-Memory-spel.pdf\" target=\"_blank\" rel=\"noopener noreferrer\"><img loading=\"lazy\" decoding=\"async\" class=\"wp-image-856 alignnone size-medium\" src=\"\/wp-content\/uploads\/sites\/22\/2020\/06\/Handen-wassen-Memory-spel-300x212.jpg\" alt=\"\" width=\"300\" height=\"212\" srcset=\"https:\/\/greenkidz.org\/wp-content\/uploads\/sites\/22\/2020\/06\/Handen-wassen-Memory-spel-300x212.jpg 300w, https:\/\/greenkidz.org\/wp-content\/uploads\/sites\/22\/2020\/06\/Handen-wassen-Memory-spel.jpg 396w\" sizes=\"(max-width: 300px) 100vw, 300px\" \/><\/a><\/p>\n<p>[\/et_pb_text][et_pb_text _builder_version=&#8221;4.16&#8243; global_colors_info=&#8221;{}&#8221;]<\/p>\n<h6>7<\/h6>\n<p><strong>Certificado<\/strong> <em>de campe\u00f3n de lavado de manos<\/em><\/p>\n<p><a href=\"\/wp-content\/uploads\/sites\/22\/2020\/07\/Handen-wassen-certifikaat.pdf\"><img loading=\"lazy\" decoding=\"async\" class=\"wp-image-1074 alignnone size-medium\" src=\"\/wp-content\/uploads\/sites\/22\/2020\/07\/Handen-wassen-certifikaat-300x212.jpg\" alt=\"\" width=\"300\" height=\"212\" srcset=\"https:\/\/greenkidz.org\/wp-content\/uploads\/sites\/22\/2020\/07\/Handen-wassen-certifikaat-300x212.jpg 300w, https:\/\/greenkidz.org\/wp-content\/uploads\/sites\/22\/2020\/07\/Handen-wassen-certifikaat.jpg 400w\" sizes=\"(max-width: 300px) 100vw, 300px\" \/><\/a><\/p>\n<p>[\/et_pb_text][\/et_pb_column][\/et_pb_row][\/et_pb_section][et_pb_section fb_built=&#8221;1&#8243; module_id=&#8221;grijs&#8221; module_class=&#8221;gebruiksrecht&#8221; _builder_version=&#8221;4.16&#8243; custom_margin=&#8221;||||false|false&#8221; custom_padding=&#8221;50px||||false|false&#8221; global_colors_info=&#8221;{}&#8221;][et_pb_row _builder_version=&#8221;4.16&#8243; global_colors_info=&#8221;{}&#8221;][et_pb_column type=&#8221;4_4&#8243; _builder_version=&#8221;4.16&#8243; global_colors_info=&#8221;{}&#8221;][et_pb_text _builder_version=&#8221;4.16&#8243; text_font_size=&#8221;10px&#8221; global_colors_info=&#8221;{}&#8221;]<\/p>\n<p>\u00a9 El material did\u00e1ctico de GreenKidz no puede utilizarse con fines comerciales sin el permiso previo de los creadores<\/p>\n<p>[\/et_pb_text][\/et_pb_column][\/et_pb_row][\/et_pb_section]<\/p>\n","protected":false},"excerpt":{"rendered":"<p>GreenkidzPlan de estudios Todo el mundo es un campe\u00f3n del lavado de manos Grupo destinatario De 4 a 8 a\u00f1os Objetivos de aprendizaje Este programa de ense\u00f1anza trata sobre la higiene personal. Ense\u00f1a a los ni\u00f1os cu\u00e1ndo deben lavarse las manos y c\u00f3mo pueden hacerlo correctamente en pasos l\u00f3gicos. As\u00ed podr\u00e1n protegerse mejor contra sustancias [&hellip;]<\/p>\n","protected":false},"author":6,"featured_media":0,"parent":10232,"menu_order":10,"comment_status":"closed","ping_status":"closed","template":"","meta":{"_et_pb_use_builder":"on","_et_pb_old_content":"","_et_gb_content_width":"","footnotes":""},"class_list":["post-10230","page","type-page","status-publish","hentry"],"_links":{"self":[{"href":"https:\/\/greenkidz.org\/es\/wp-json\/wp\/v2\/pages\/10230","targetHints":{"allow":["GET"]}}],"collection":[{"href":"https:\/\/greenkidz.org\/es\/wp-json\/wp\/v2\/pages"}],"about":[{"href":"https:\/\/greenkidz.org\/es\/wp-json\/wp\/v2\/types\/page"}],"author":[{"embeddable":true,"href":"https:\/\/greenkidz.org\/es\/wp-json\/wp\/v2\/users\/6"}],"replies":[{"embeddable":true,"href":"https:\/\/greenkidz.org\/es\/wp-json\/wp\/v2\/comments?post=10230"}],"version-history":[{"count":0,"href":"https:\/\/greenkidz.org\/es\/wp-json\/wp\/v2\/pages\/10230\/revisions"}],"up":[{"embeddable":true,"href":"https:\/\/greenkidz.org\/es\/wp-json\/wp\/v2\/pages\/10232"}],"wp:attachment":[{"href":"https:\/\/greenkidz.org\/es\/wp-json\/wp\/v2\/media?parent=10230"}],"curies":[{"name":"wp","href":"https:\/\/api.w.org\/{rel}","templated":true}]}}