{"id":13574,"date":"2025-03-05T19:52:18","date_gmt":"2025-03-05T19:52:18","guid":{"rendered":"https:\/\/greenkidz.org\/?page_id=13574"},"modified":"2025-03-06T14:54:57","modified_gmt":"2025-03-06T14:54:57","slug":"documentos","status":"publish","type":"page","link":"https:\/\/greenkidz.org\/es\/documentos\/","title":{"rendered":"Documentos"},"content":{"rendered":"<p>[et_pb_section fb_built=&#8221;1&#8243; admin_label=&#8221;nieuws-kop-nieuw&#8221; module_class=&#8221;tab-wit&#8221; _builder_version=&#8221;4.27.4&#8243; background_color=&#8221;rgba(0,0,0,0)&#8221; background_color_gradient_direction=&#8221;90deg&#8221; background_enable_image=&#8221;off&#8221; background_position=&#8221;top_center&#8221; locked=&#8221;off&#8221; collapsed=&#8221;off&#8221; global_colors_info=&#8221;{}&#8221;][et_pb_row column_structure=&#8221;2_5,3_5&#8243; use_custom_gutter=&#8221;on&#8221; make_equal=&#8221;on&#8221; _builder_version=&#8221;4.27.4&#8243; width=&#8221;100%&#8221; max_width=&#8221;2560px&#8221; custom_padding=&#8221;||||false|false&#8221; global_colors_info=&#8221;{}&#8221;][et_pb_column type=&#8221;2_5&#8243; _builder_version=&#8221;4.27.4&#8243; background_image=&#8221;https:\/\/greenkidz.org\/wp-content\/uploads\/sites\/22\/2025\/02\/tab-links.png&#8221; background_position=&#8221;center_right&#8221; background_last_edited=&#8221;on|phone&#8221; background_image_phone=&#8221;\/wp-content\/uploads\/sites\/22\/2020\/09\/wit-tab-omlaag-mobiel.png&#8221; background_enable_image_phone=&#8221;on&#8221; background_position_tablet=&#8221;center_right&#8221; global_colors_info=&#8221;{}&#8221; title_text_phone=&#8221;wit-tab-omlaag-mobiel&#8221;][et_pb_text admin_label=&#8221;Text&#8221; module_id=&#8221;documenten&#8221; _builder_version=&#8221;4.16&#8243; global_colors_info=&#8221;{}&#8221;]<\/p>\n<h2><strong>Documentos<\/strong><\/h2>\n<p>[\/et_pb_text][\/et_pb_column][et_pb_column type=&#8221;3_5&#8243; disabled_on=&#8221;on|on|off&#8221; _builder_version=&#8221;4.27.4&#8243; background_enable_color=&#8221;off&#8221; background_image=&#8221;https:\/\/greenkidz.org\/wp-content\/uploads\/sites\/22\/2025\/02\/tab-rechts.png&#8221; global_colors_info=&#8221;{}&#8221;][\/et_pb_column][\/et_pb_row][\/et_pb_section][et_pb_section fb_built=&#8221;1&#8243; admin_label=&#8221;documenten&#8221; module_id=&#8221;documenten&#8221; module_class=&#8221;even&#8221; _builder_version=&#8221;4.16&#8243; background_enable_color=&#8221;off&#8221; background_color_gradient_direction=&#8221;90deg&#8221; background_enable_image=&#8221;off&#8221; background_size=&#8221;contain&#8221; background_position=&#8221;top_center&#8221; locked=&#8221;off&#8221; collapsed=&#8221;off&#8221; global_colors_info=&#8221;{}&#8221;][et_pb_row column_structure=&#8221;1_3,1_3,1_3&#8243; use_custom_gutter=&#8221;on&#8221; make_equal=&#8221;on&#8221; admin_label=&#8221;grijs&#8221; module_id=&#8221;toprow&#8221; module_class=&#8221;3kolom&#8221; _builder_version=&#8221;4.16&#8243; background_enable_color=&#8221;off&#8221; background_color_gradient_direction=&#8221;90deg&#8221; background_enable_image=&#8221;off&#8221; background_size=&#8221;contain&#8221; background_position=&#8221;top_center&#8221; global_colors_info=&#8221;{}&#8221;][et_pb_column type=&#8221;1_3&#8243; module_class=&#8221;grijs&#8221; _builder_version=&#8221;4.16&#8243; background_enable_color=&#8221;off&#8221; background_enable_image=&#8221;off&#8221; background_size=&#8221;contain&#8221; background_position=&#8221;top_center&#8221; custom_padding=&#8221;|||&#8221; global_colors_info=&#8221;{}&#8221; custom_padding__hover=&#8221;|||&#8221;][et_pb_text admin_label=&#8221;KvK uittreksel&#8221; _builder_version=&#8221;4.16&#8243; global_colors_info=&#8221;{}&#8221;]<\/p>\n<h4>GreenKidz Extracto de KvK<\/h4>\n<p>[\/et_pb_text][et_pb_image src=&#8221;https:\/\/greenkidz.org\/wp-content\/uploads\/sites\/22\/2021\/09\/16-okt-2020-KVK-GreenKidz-Foundation.jpg&#8221; title_text=&#8221;16 okt 2020 KVK GreenKidz Foundation&#8221; url=&#8221;https:\/\/greenkidz.org\/wp-content\/uploads\/sites\/22\/2021\/09\/16-okt-2020-KVK-GreenKidz-Foundation.pdf&#8221; url_new_window=&#8221;on&#8221; admin_label=&#8221;kvk&#8221; _builder_version=&#8221;4.16&#8243; global_colors_info=&#8221;{}&#8221;][\/et_pb_image][\/et_pb_column][et_pb_column type=&#8221;1_3&#8243; module_class=&#8221;wit&#8221; _builder_version=&#8221;4.16&#8243; background_enable_color=&#8221;off&#8221; background_enable_image=&#8221;off&#8221; background_size=&#8221;contain&#8221; background_position=&#8221;top_center&#8221; custom_padding=&#8221;|||&#8221; global_colors_info=&#8221;{}&#8221; custom_padding__hover=&#8221;|||&#8221;][et_pb_text admin_label=&#8221;Missie document&#8221; _builder_version=&#8221;4.16&#8243; global_colors_info=&#8221;{}&#8221;]<\/p>\n<h4>GreenKidz documento de misi\u00f3n<\/h4>\n<p>[\/et_pb_text][et_pb_image src=&#8221;\/wp-content\/uploads\/sites\/22\/2020\/08\/GK-Missie-2020.jpg&#8221; url=&#8221;\/wp-content\/uploads\/sites\/22\/2020\/08\/GK-Missie-2020.pdf&#8221; url_new_window=&#8221;on&#8221; admin_label=&#8221;missie&#8221; _builder_version=&#8221;4.16&#8243; global_colors_info=&#8221;{}&#8221;][\/et_pb_image][\/et_pb_column][et_pb_column type=&#8221;1_3&#8243; module_class=&#8221;grijs&#8221; _builder_version=&#8221;4.16&#8243; background_enable_color=&#8221;off&#8221; background_enable_image=&#8221;off&#8221; background_size=&#8221;contain&#8221; background_position=&#8221;top_center&#8221; custom_padding=&#8221;|||&#8221; global_colors_info=&#8221;{}&#8221; custom_padding__hover=&#8221;|||&#8221; background__hover_enabled=&#8221;on|hover&#8221; background_color__hover=&#8221;#eee4f4&#8243; background_enable_color__hover=&#8221;on&#8221;][et_pb_text admin_label=&#8221;Visie document&#8221; _builder_version=&#8221;4.16&#8243; global_colors_info=&#8221;{}&#8221;]<\/p>\n<h4>GreenKidz Documento de visi\u00f3n 2020-2023<\/h4>\n<p>[\/et_pb_text][et_pb_image src=&#8221;\/wp-content\/uploads\/sites\/22\/2020\/09\/GK-Visie-2020-2023.jpg&#8221; title_text=&#8221;GK Visie 2020-2023&#8243; url=&#8221;\/wp-content\/uploads\/sites\/22\/2020\/09\/GK-Visie-2020-2023-1.pdf&#8221; url_new_window=&#8221;on&#8221; admin_label=&#8221;visie&#8221; _builder_version=&#8221;4.16&#8243; global_colors_info=&#8221;{}&#8221;][\/et_pb_image][\/et_pb_column][\/et_pb_row][et_pb_row column_structure=&#8221;1_3,1_3,1_3&#8243; use_custom_gutter=&#8221;on&#8221; make_equal=&#8221;on&#8221; admin_label=&#8221;grijs&#8221; module_id=&#8221;documenten2&#8243; module_class=&#8221;3kolom&#8221; _builder_version=&#8221;4.16&#8243; background_enable_color=&#8221;off&#8221; background_color_gradient_direction=&#8221;90deg&#8221; background_enable_image=&#8221;off&#8221; background_size=&#8221;contain&#8221; background_position=&#8221;top_center&#8221; global_colors_info=&#8221;{}&#8221;][et_pb_column type=&#8221;1_3&#8243; module_class=&#8221;grijs&#8221; _builder_version=&#8221;4.16&#8243; background_enable_color=&#8221;off&#8221; background_enable_image=&#8221;off&#8221; background_size=&#8221;contain&#8221; background_position=&#8221;top_center&#8221; custom_padding=&#8221;|||&#8221; global_colors_info=&#8221;{}&#8221; custom_padding__hover=&#8221;|||&#8221;][et_pb_text admin_label=&#8221;Team document&#8221; _builder_version=&#8221;4.16&#8243; global_colors_info=&#8221;{}&#8221;]<\/p>\n<h4>GreenKidz Team-document documento de equipo<\/h4>\n<p>[\/et_pb_text][et_pb_image src=&#8221;\/wp-content\/uploads\/sites\/22\/2020\/08\/Het-GreenKidz-team.jpg&#8221; url=&#8221;\/wp-content\/uploads\/sites\/22\/2020\/08\/Het-GreenKidz-team.pdf&#8221; url_new_window=&#8221;on&#8221; admin_label=&#8221;team&#8221; _builder_version=&#8221;4.16&#8243; global_colors_info=&#8221;{}&#8221;][\/et_pb_image][\/et_pb_column][et_pb_column type=&#8221;1_3&#8243; module_class=&#8221;wit&#8221; _builder_version=&#8221;4.16&#8243; background_enable_color=&#8221;off&#8221; background_enable_image=&#8221;off&#8221; background_size=&#8221;contain&#8221; background_position=&#8221;top_center&#8221; custom_padding=&#8221;|||&#8221; global_colors_info=&#8221;{}&#8221; custom_padding__hover=&#8221;|||&#8221;][et_pb_text admin_label=&#8221;GreenKidz Reportage, Antilliaans Dagblad, juli 2021&#8243; _builder_version=&#8221;4.16&#8243; global_colors_info=&#8221;{}&#8221;]<\/p>\n<h4>Reportaje sobre GreenKidz, Antilliaans Dagblad, julio de 2021<\/h4>\n<p>[\/et_pb_text][et_pb_image src=&#8221;https:\/\/greenkidz.org\/wp-content\/uploads\/sites\/22\/2021\/07\/artikel-AD.jpg&#8221; title_text=&#8221;artikel AD&#8221; url=&#8221;https:\/\/greenkidz.org\/wp-content\/uploads\/sites\/22\/2021\/07\/artikel-AD.pdf&#8221; url_new_window=&#8221;on&#8221; admin_label=&#8221;https:\/\/greenkidz.org\/wp-content\/uploads\/sites\/22\/2021\/07\/artikel-AD.pdf&#8221; _builder_version=&#8221;4.16&#8243; global_colors_info=&#8221;{}&#8221;][\/et_pb_image][\/et_pb_column][et_pb_column type=&#8221;1_3&#8243; module_class=&#8221;grijs&#8221; _builder_version=&#8221;4.16&#8243; background_enable_color=&#8221;off&#8221; background_enable_image=&#8221;off&#8221; background_size=&#8221;contain&#8221; background_position=&#8221;top_center&#8221; custom_padding=&#8221;|||&#8221; global_colors_info=&#8221;{}&#8221; custom_padding__hover=&#8221;|||&#8221; background__hover_enabled=&#8221;on|desktop&#8221;][et_pb_text admin_label=&#8221;nieuwsbrief&#8221; _builder_version=&#8221;4.16&#8243; global_colors_info=&#8221;{}&#8221;]<\/p>\n<h4>Bolet\u00edn GreenKidz<\/h4>\n<p>[\/et_pb_text][et_pb_image src=&#8221;\/wp-content\/uploads\/sites\/22\/2020\/08\/GK-Nieuwsbrief-voorjaar-ENG-2017.jpg&#8221; url=&#8221;\/wp-content\/uploads\/sites\/22\/2020\/08\/GK-Nieuwsbrief-voorjaar-ENG-2017.pdf&#8221; url_new_window=&#8221;on&#8221; admin_label=&#8221;Nieuwsbrief-voorjaar-ENG-2017.pdf&#8221; _builder_version=&#8221;4.16&#8243; global_colors_info=&#8221;{}&#8221;][\/et_pb_image][\/et_pb_column][\/et_pb_row][et_pb_row column_structure=&#8221;1_3,1_3,1_3&#8243; use_custom_gutter=&#8221;on&#8221; make_equal=&#8221;on&#8221; admin_label=&#8221;grijs&#8221; module_id=&#8221;toprow&#8221; module_class=&#8221;3kolom&#8221; _builder_version=&#8221;4.16&#8243; background_enable_color=&#8221;off&#8221; background_color_gradient_direction=&#8221;90deg&#8221; background_enable_image=&#8221;off&#8221; background_size=&#8221;contain&#8221; background_position=&#8221;top_center&#8221; global_colors_info=&#8221;{}&#8221;][et_pb_column type=&#8221;1_3&#8243; module_class=&#8221;grijs&#8221; _builder_version=&#8221;4.16&#8243; background_enable_color=&#8221;off&#8221; background_enable_image=&#8221;off&#8221; background_size=&#8221;contain&#8221; background_position=&#8221;top_center&#8221; custom_padding=&#8221;|||&#8221; global_colors_info=&#8221;{}&#8221; custom_padding__hover=&#8221;|||&#8221;][et_pb_text admin_label=&#8221;GreenKidz in de media&#8221; _builder_version=&#8221;4.16&#8243; global_colors_info=&#8221;{}&#8221;]<\/p>\n<h4>GreenKidz En los medios 2021<\/h4>\n<p>[\/et_pb_text][et_pb_image src=&#8221;https:\/\/greenkidz.org\/wp-content\/uploads\/sites\/22\/2021\/09\/GreenKidz-in-de-media-2021.jpg&#8221; title_text=&#8221;GreenKidz in de media 2021&#8243; url=&#8221;https:\/\/greenkidz.org\/wp-content\/uploads\/sites\/22\/2021\/09\/GreenKidz-in-de-media-2021.pdf&#8221; url_new_window=&#8221;on&#8221; admin_label=&#8221;in de media&#8221; _builder_version=&#8221;4.16&#8243; global_colors_info=&#8221;{}&#8221;][\/et_pb_image][\/et_pb_column][et_pb_column type=&#8221;1_3&#8243; module_class=&#8221;wit&#8221; _builder_version=&#8221;4.16&#8243; background_enable_color=&#8221;off&#8221; background_enable_image=&#8221;off&#8221; background_size=&#8221;contain&#8221; background_position=&#8221;top_center&#8221; custom_padding=&#8221;|||&#8221; global_colors_info=&#8221;{}&#8221; custom_padding__hover=&#8221;|||&#8221;][et_pb_text admin_label=&#8221;GreenKidz in de media&#8221; _builder_version=&#8221;4.16&#8243; global_colors_info=&#8221;{}&#8221;]<\/p>\n<h4>Informes del peri\u00f3dico GreenKidz 2015-2020<\/h4>\n<p>[\/et_pb_text][et_pb_image src=&#8221;\/wp-content\/uploads\/sites\/22\/2020\/08\/GK-in-de-media-2015-2020.jpg&#8221; url=&#8221;\/wp-content\/uploads\/sites\/22\/2020\/08\/GreenKidz-in-de-media-2015-2020.pdf&#8221; url_new_window=&#8221;on&#8221; admin_label=&#8221;in de media&#8221; _builder_version=&#8221;4.16&#8243; global_colors_info=&#8221;{}&#8221;][\/et_pb_image][\/et_pb_column][et_pb_column type=&#8221;1_3&#8243; module_class=&#8221;grijs&#8221; _builder_version=&#8221;4.16&#8243; background_enable_color=&#8221;off&#8221; background_enable_image=&#8221;off&#8221; background_size=&#8221;contain&#8221; background_position=&#8221;top_center&#8221; custom_padding=&#8221;|||&#8221; global_colors_info=&#8221;{}&#8221; custom_padding__hover=&#8221;|||&#8221; background__hover_enabled=&#8221;on|hover&#8221; background_color__hover=&#8221;#eee4f4&#8243; background_enable_color__hover=&#8221;on&#8221;][et_pb_text admin_label=&#8221;2022 Presentatie Muggenspeurders E-learn&#8221; _builder_version=&#8221;4.17.1&#8243; global_colors_info=&#8221;{}&#8221;]<\/p>\n<h4>2022 Presentaci\u00f3n Detectores de mosquitos E-learn<\/h4>\n<p>[\/et_pb_text][et_pb_image src=&#8221;https:\/\/greenkidz.org\/wp-content\/uploads\/sites\/22\/2022\/05\/GreenKidz-RCC-Presentatie-Muggenspeurders-Elearn-def.jpg&#8221; title_text=&#8221;GreenKidz RCC Presentatie Muggenspeurders Elearn def&#8221; url=&#8221;https:\/\/greenkidz.org\/wp-content\/uploads\/sites\/22\/2022\/05\/GreenKidz-RCC-Presentatie-Muggenspeurders-Elearn-def.jpg&#8221; url_new_window=&#8221;on&#8221; admin_label=&#8221;in de media&#8221; _builder_version=&#8221;4.17.1&#8243; global_colors_info=&#8221;{}&#8221;][\/et_pb_image][\/et_pb_column][\/et_pb_row][\/et_pb_section]<\/p>\n","protected":false},"excerpt":{"rendered":"<p>DocumentosGreenKidz Extracto de KvKGreenKidz documento de misi\u00f3nGreenKidz Documento de visi\u00f3n 2020-2023GreenKidz Team-document documento de equipoReportaje sobre GreenKidz, Antilliaans Dagblad, julio de 2021Bolet\u00edn GreenKidzGreenKidz En los medios 2021Informes del peri\u00f3dico GreenKidz 2015-20202022 Presentaci\u00f3n Detectores de mosquitos E-learn<\/p>\n","protected":false},"author":6,"featured_media":0,"parent":0,"menu_order":260,"comment_status":"closed","ping_status":"closed","template":"","meta":{"_et_pb_use_builder":"on","_et_pb_old_content":"","_et_gb_content_width":"","footnotes":""},"class_list":["post-13574","page","type-page","status-publish","hentry"],"_links":{"self":[{"href":"https:\/\/greenkidz.org\/es\/wp-json\/wp\/v2\/pages\/13574","targetHints":{"allow":["GET"]}}],"collection":[{"href":"https:\/\/greenkidz.org\/es\/wp-json\/wp\/v2\/pages"}],"about":[{"href":"https:\/\/greenkidz.org\/es\/wp-json\/wp\/v2\/types\/page"}],"author":[{"embeddable":true,"href":"https:\/\/greenkidz.org\/es\/wp-json\/wp\/v2\/users\/6"}],"replies":[{"embeddable":true,"href":"https:\/\/greenkidz.org\/es\/wp-json\/wp\/v2\/comments?post=13574"}],"version-history":[{"count":0,"href":"https:\/\/greenkidz.org\/es\/wp-json\/wp\/v2\/pages\/13574\/revisions"}],"wp:attachment":[{"href":"https:\/\/greenkidz.org\/es\/wp-json\/wp\/v2\/media?parent=13574"}],"curies":[{"name":"wp","href":"https:\/\/api.w.org\/{rel}","templated":true}]}}