{"id":15351,"date":"2025-03-10T14:48:00","date_gmt":"2025-03-10T14:48:00","guid":{"rendered":"https:\/\/greenkidz.org\/?page_id=15351"},"modified":"2026-03-09T14:30:24","modified_gmt":"2026-03-09T14:30:24","slug":"contacto","status":"publish","type":"page","link":"https:\/\/greenkidz.org\/es\/contacto\/","title":{"rendered":"Contacto"},"content":{"rendered":"<p>[et_pb_section fb_built=&#8221;1&#8243; admin_label=&#8221;nieuws-kop-nieuw&#8221; module_class=&#8221;tab-wit&#8221; _builder_version=&#8221;4.27.4&#8243; background_color=&#8221;rgba(0,0,0,0)&#8221; background_color_gradient_direction=&#8221;90deg&#8221; background_enable_image=&#8221;off&#8221; background_position=&#8221;top_center&#8221; locked=&#8221;off&#8221; collapsed=&#8221;off&#8221; global_colors_info=&#8221;{}&#8221;][et_pb_row column_structure=&#8221;1_3,1_3,1_3&#8243; use_custom_gutter=&#8221;on&#8221; make_equal=&#8221;on&#8221; _builder_version=&#8221;4.27.4&#8243; width=&#8221;100%&#8221; max_width=&#8221;2560px&#8221; custom_padding=&#8221;||||false|false&#8221; global_colors_info=&#8221;{}&#8221;][et_pb_column type=&#8221;1_3&#8243; _builder_version=&#8221;4.27.4&#8243; background_image=&#8221;https:\/\/greenkidz.org\/wp-content\/uploads\/sites\/22\/2025\/02\/tab-links.png&#8221; background_position=&#8221;center_right&#8221; background_last_edited=&#8221;on|phone&#8221; background_image_phone=&#8221;\/wp-content\/uploads\/sites\/22\/2020\/09\/wit-tab-omlaag-mobiel.png&#8221; background_enable_image_phone=&#8221;on&#8221; background_position_tablet=&#8221;center_right&#8221; global_colors_info=&#8221;{}&#8221; title_text_phone=&#8221;wit-tab-omlaag-mobiel&#8221;][et_pb_text admin_label=&#8221;Text&#8221; module_id=&#8221;documenten&#8221; _builder_version=&#8221;4.27.4&#8243; global_colors_info=&#8221;{}&#8221;]<\/p>\n<h2><strong>Organizaci\u00f3n<\/strong><\/h2>\n<p>[\/et_pb_text][\/et_pb_column][et_pb_column type=&#8221;1_3&#8243; disabled_on=&#8221;on|on|off&#8221; _builder_version=&#8221;4.27.4&#8243; background_enable_color=&#8221;off&#8221; background_image=&#8221;https:\/\/greenkidz.org\/wp-content\/uploads\/sites\/22\/2025\/02\/tab-rechts.png&#8221; global_colors_info=&#8221;{}&#8221;][\/et_pb_column][et_pb_column type=&#8221;1_3&#8243; disabled_on=&#8221;on|on|off&#8221; _builder_version=&#8221;4.27.4&#8243; background_enable_color=&#8221;off&#8221; background_image=&#8221;https:\/\/greenkidz.org\/wp-content\/uploads\/sites\/22\/2025\/02\/tab-rechts.png&#8221; global_colors_info=&#8221;{}&#8221;][\/et_pb_column][\/et_pb_row][\/et_pb_section][et_pb_section fb_built=&#8221;1&#8243; admin_label=&#8221;documenten&#8221; module_id=&#8221;documenten&#8221; module_class=&#8221;even&#8221; _builder_version=&#8221;4.16&#8243; background_enable_color=&#8221;off&#8221; background_color_gradient_direction=&#8221;90deg&#8221; background_enable_image=&#8221;off&#8221; background_size=&#8221;contain&#8221; background_position=&#8221;top_center&#8221; locked=&#8221;off&#8221; collapsed=&#8221;off&#8221; global_colors_info=&#8221;{}&#8221;][et_pb_row column_structure=&#8221;3_5,2_5&#8243; use_custom_gutter=&#8221;on&#8221; make_equal=&#8221;on&#8221; admin_label=&#8221;grijs&#8221; module_id=&#8221;toprow&#8221; module_class=&#8221;3kolom&#8221; _builder_version=&#8221;4.16&#8243; background_enable_color=&#8221;off&#8221; background_color_gradient_direction=&#8221;90deg&#8221; background_enable_image=&#8221;off&#8221; background_size=&#8221;contain&#8221; background_position=&#8221;top_center&#8221; global_colors_info=&#8221;{}&#8221;][et_pb_column type=&#8221;3_5&#8243; module_class=&#8221;grijs&#8221; _builder_version=&#8221;4.16&#8243; background_enable_color=&#8221;off&#8221; background_enable_image=&#8221;off&#8221; background_size=&#8221;contain&#8221; background_position=&#8221;top_center&#8221; custom_padding=&#8221;|||&#8221; global_colors_info=&#8221;{}&#8221; custom_padding__hover=&#8221;|||&#8221;][et_pb_text admin_label=&#8221;KvK uittreksel&#8221; _builder_version=&#8221;4.27.4&#8243; text_font_size=&#8221;18px&#8221; text_line_height=&#8221;2em&#8221; global_colors_info=&#8221;{}&#8221;]<strong>Nombre:<\/strong> Fundaci\u00f3n GreenKidz<br \/>\n<strong>Direcci\u00f3n:<\/strong> Kaya Abrahamsz 21, Curazao<br \/>\n<strong>A\u00f1o de fundaci\u00f3n:<\/strong> 2015<br \/>\n<strong>Contacto:<\/strong> Maya Mathias, Coordinadora de GreenKidz<br \/>\n<strong>Tel\u00e9fono:<\/strong> +5999 5280445<br \/>\n<strong>Correo electr\u00f3nico:<\/strong> Maya@greenkidz.org<br \/>\n<strong>N\u00famero de la C\u00e1mara de Comercio:<\/strong> 135770<br \/>\n<strong>N\u00famero de registro:<\/strong> 102.430.779<br \/>\n[\/et_pb_text][\/et_pb_column][et_pb_column type=&#8221;2_5&#8243; module_class=&#8221;grijs&#8221; _builder_version=&#8221;4.16&#8243; background_enable_color=&#8221;off&#8221; background_enable_image=&#8221;off&#8221; background_size=&#8221;contain&#8221; background_position=&#8221;top_center&#8221; custom_padding=&#8221;|||&#8221; global_colors_info=&#8221;{}&#8221; custom_padding__hover=&#8221;|||&#8221;][\/et_pb_column][\/et_pb_row][\/et_pb_section][et_pb_section fb_built=&#8221;1&#8243; admin_label=&#8221;nieuws-kop-nieuw&#8221; module_class=&#8221;tab-wit&#8221; _builder_version=&#8221;4.27.4&#8243; background_color=&#8221;rgba(0,0,0,0)&#8221; background_color_gradient_direction=&#8221;90deg&#8221; background_enable_image=&#8221;off&#8221; background_position=&#8221;top_center&#8221; locked=&#8221;off&#8221; collapsed=&#8221;off&#8221; global_colors_info=&#8221;{}&#8221;][et_pb_row column_structure=&#8221;1_3,1_3,1_3&#8243; use_custom_gutter=&#8221;on&#8221; make_equal=&#8221;on&#8221; _builder_version=&#8221;4.27.4&#8243; width=&#8221;100%&#8221; max_width=&#8221;2560px&#8221; custom_padding=&#8221;||||false|false&#8221; global_colors_info=&#8221;{}&#8221;][et_pb_column type=&#8221;1_3&#8243; disabled_on=&#8221;on|on|off&#8221; _builder_version=&#8221;4.27.4&#8243; background_enable_color=&#8221;off&#8221; background_image=&#8221;https:\/\/greenkidz.org\/wp-content\/uploads\/sites\/22\/2025\/02\/tab-rechts.png&#8221; global_colors_info=&#8221;{}&#8221;][\/et_pb_column][et_pb_column type=&#8221;1_3&#8243; _builder_version=&#8221;4.27.4&#8243; background_image=&#8221;https:\/\/greenkidz.org\/wp-content\/uploads\/sites\/22\/2025\/02\/tab-links.png&#8221; background_position=&#8221;center_right&#8221; background_last_edited=&#8221;on|phone&#8221; background_image_phone=&#8221;\/wp-content\/uploads\/sites\/22\/2020\/09\/wit-tab-omlaag-mobiel.png&#8221; background_enable_image_phone=&#8221;on&#8221; background_position_tablet=&#8221;center_right&#8221; global_colors_info=&#8221;{}&#8221; title_text_phone=&#8221;wit-tab-omlaag-mobiel&#8221;][et_pb_text admin_label=&#8221;Text&#8221; module_id=&#8221;documenten&#8221; _builder_version=&#8221;4.27.4&#8243; global_colors_info=&#8221;{}&#8221;]<\/p>\n<h2><strong>Datos bancarios<\/strong><\/h2>\n<p>[\/et_pb_text][\/et_pb_column][et_pb_column type=&#8221;1_3&#8243; disabled_on=&#8221;on|on|off&#8221; _builder_version=&#8221;4.27.4&#8243; background_enable_color=&#8221;off&#8221; background_image=&#8221;https:\/\/greenkidz.org\/wp-content\/uploads\/sites\/22\/2025\/02\/tab-rechts.png&#8221; background_position=&#8221;center_right&#8221; background_last_edited=&#8221;on|phone&#8221; background_image_phone=&#8221;\/wp-content\/uploads\/sites\/22\/2020\/09\/wit-tab-omlaag-mobiel.png&#8221; background_enable_image_phone=&#8221;on&#8221; background_position_tablet=&#8221;center_right&#8221; global_colors_info=&#8221;{}&#8221; title_text_phone=&#8221;wit-tab-omlaag-mobiel&#8221;][\/et_pb_column][\/et_pb_row][\/et_pb_section][et_pb_section fb_built=&#8221;1&#8243; admin_label=&#8221;documenten&#8221; module_id=&#8221;documenten&#8221; module_class=&#8221;even&#8221; _builder_version=&#8221;4.16&#8243; background_enable_color=&#8221;off&#8221; background_color_gradient_direction=&#8221;90deg&#8221; background_enable_image=&#8221;off&#8221; background_size=&#8221;contain&#8221; background_position=&#8221;top_center&#8221; locked=&#8221;off&#8221; collapsed=&#8221;off&#8221; global_colors_info=&#8221;{}&#8221;][et_pb_row column_structure=&#8221;1_2,1_2&#8243; use_custom_gutter=&#8221;on&#8221; make_equal=&#8221;on&#8221; admin_label=&#8221;grijs&#8221; module_id=&#8221;toprow&#8221; module_class=&#8221;3kolom&#8221; _builder_version=&#8221;4.16&#8243; background_enable_color=&#8221;off&#8221; background_color_gradient_direction=&#8221;90deg&#8221; background_enable_image=&#8221;off&#8221; background_size=&#8221;contain&#8221; background_position=&#8221;top_center&#8221; global_colors_info=&#8221;{}&#8221;][et_pb_column type=&#8221;1_2&#8243; module_class=&#8221;grijs&#8221; _builder_version=&#8221;4.16&#8243; background_enable_color=&#8221;off&#8221; background_enable_image=&#8221;off&#8221; background_size=&#8221;contain&#8221; background_position=&#8221;top_center&#8221; custom_padding=&#8221;|||&#8221; global_colors_info=&#8221;{}&#8221; custom_padding__hover=&#8221;|||&#8221;][et_pb_text admin_label=&#8221;KvK uittreksel&#8221; _builder_version=&#8221;4.27.4&#8243; text_font_size=&#8221;18px&#8221; text_line_height=&#8221;2em&#8221; global_colors_info=&#8221;{}&#8221;]<strong>Banco:<\/strong> Maduro &amp; Curiels Bank (MCB Curazao)<br \/>\n<strong>Direcci\u00f3n del banco:<\/strong> Jojo Correa 2-4, Curazao<br \/>\n<strong>N\u00famero de cuenta bancaria:<\/strong> 27502502<br \/>\n<strong>C\u00f3digo Swift:<\/strong> MCBKCWCU<br \/>\nEste c\u00f3digo Swift es para pagos desde los Pa\u00edses Bajos a Curazao.<br \/>\n[\/et_pb_text][\/et_pb_column][et_pb_column type=&#8221;1_2&#8243; module_class=&#8221;grijs&#8221; _builder_version=&#8221;4.16&#8243; background_enable_color=&#8221;off&#8221; background_enable_image=&#8221;off&#8221; background_size=&#8221;contain&#8221; background_position=&#8221;top_center&#8221; custom_padding=&#8221;|||&#8221; global_colors_info=&#8221;{}&#8221; custom_padding__hover=&#8221;|||&#8221;][\/et_pb_column][\/et_pb_row][\/et_pb_section][et_pb_section fb_built=&#8221;1&#8243; admin_label=&#8221;nieuws-kop-nieuw&#8221; module_class=&#8221;tab-wit&#8221; _builder_version=&#8221;4.27.4&#8243; background_color=&#8221;rgba(0,0,0,0)&#8221; background_color_gradient_direction=&#8221;90deg&#8221; background_enable_image=&#8221;off&#8221; background_position=&#8221;top_center&#8221; locked=&#8221;off&#8221; collapsed=&#8221;off&#8221; global_colors_info=&#8221;{}&#8221;][et_pb_row column_structure=&#8221;1_3,1_3,1_3&#8243; use_custom_gutter=&#8221;on&#8221; make_equal=&#8221;on&#8221; _builder_version=&#8221;4.27.4&#8243; width=&#8221;100%&#8221; max_width=&#8221;2560px&#8221; custom_padding=&#8221;||||false|false&#8221; global_colors_info=&#8221;{}&#8221;][et_pb_column type=&#8221;1_3&#8243; disabled_on=&#8221;on|on|off&#8221; _builder_version=&#8221;4.27.4&#8243; background_enable_color=&#8221;off&#8221; background_image=&#8221;https:\/\/greenkidz.org\/wp-content\/uploads\/sites\/22\/2025\/02\/tab-rechts.png&#8221; global_colors_info=&#8221;{}&#8221;][\/et_pb_column][et_pb_column type=&#8221;1_3&#8243; disabled_on=&#8221;on|on|off&#8221; _builder_version=&#8221;4.27.4&#8243; background_enable_color=&#8221;off&#8221; background_image=&#8221;https:\/\/greenkidz.org\/wp-content\/uploads\/sites\/22\/2025\/02\/tab-rechts.png&#8221; global_colors_info=&#8221;{}&#8221;][\/et_pb_column][et_pb_column type=&#8221;1_3&#8243; _builder_version=&#8221;4.27.4&#8243; background_image=&#8221;https:\/\/greenkidz.org\/wp-content\/uploads\/sites\/22\/2025\/02\/tab-links.png&#8221; background_position=&#8221;center_right&#8221; background_last_edited=&#8221;on|phone&#8221; background_image_phone=&#8221;\/wp-content\/uploads\/sites\/22\/2020\/09\/wit-tab-omlaag-mobiel.png&#8221; background_enable_image_phone=&#8221;on&#8221; background_position_tablet=&#8221;center_right&#8221; global_colors_info=&#8221;{}&#8221; title_text_phone=&#8221;wit-tab-omlaag-mobiel&#8221;][et_pb_text admin_label=&#8221;Text&#8221; module_id=&#8221;documenten&#8221; _builder_version=&#8221;4.27.4&#8243; global_colors_info=&#8221;{}&#8221;]<\/p>\n<h2><strong>Social media<\/strong><\/h2>\n<p>[\/et_pb_text][\/et_pb_column][\/et_pb_row][\/et_pb_section][et_pb_section fb_built=&#8221;1&#8243; admin_label=&#8221;documenten&#8221; module_id=&#8221;documenten&#8221; module_class=&#8221;even&#8221; _builder_version=&#8221;4.16&#8243; background_enable_color=&#8221;off&#8221; background_color_gradient_direction=&#8221;90deg&#8221; background_enable_image=&#8221;off&#8221; background_size=&#8221;contain&#8221; background_position=&#8221;top_center&#8221; locked=&#8221;off&#8221; collapsed=&#8221;off&#8221; global_colors_info=&#8221;{}&#8221;][et_pb_row column_structure=&#8221;1_5,1_5,1_5,1_5,1_5&#8243; use_custom_gutter=&#8221;on&#8221; make_equal=&#8221;on&#8221; admin_label=&#8221;grijs&#8221; module_id=&#8221;toprow&#8221; module_class=&#8221;3kolom&#8221; _builder_version=&#8221;4.16&#8243; background_enable_color=&#8221;off&#8221; background_color_gradient_direction=&#8221;90deg&#8221; background_enable_image=&#8221;off&#8221; background_size=&#8221;contain&#8221; background_position=&#8221;top_center&#8221; global_colors_info=&#8221;{}&#8221;][et_pb_column type=&#8221;1_5&#8243; module_class=&#8221;grijs&#8221; _builder_version=&#8221;4.16&#8243; background_enable_color=&#8221;off&#8221; background_enable_image=&#8221;off&#8221; background_size=&#8221;contain&#8221; background_position=&#8221;top_center&#8221; custom_padding=&#8221;|||&#8221; global_colors_info=&#8221;{}&#8221; custom_padding__hover=&#8221;|||&#8221;][et_pb_blurb title=&#8221;GreenKidzcuracao&#8221; url=&#8221;https:\/\/www.facebook.com\/Greenkidzcuracao\/&#8221; url_new_window=&#8221;on&#8221; image=&#8221;https:\/\/greenkidz.org\/wp-content\/uploads\/sites\/22\/2020\/07\/FB-button-los-1.png&#8221; _builder_version=&#8221;4.27.4&#8243; _module_preset=&#8221;default&#8221; header_text_align=&#8221;center&#8221; global_colors_info=&#8221;{}&#8221;][\/et_pb_blurb][\/et_pb_column][et_pb_column type=&#8221;1_5&#8243; module_class=&#8221;grijs&#8221; _builder_version=&#8221;4.16&#8243; background_enable_color=&#8221;off&#8221; background_enable_image=&#8221;off&#8221; background_size=&#8221;contain&#8221; background_position=&#8221;top_center&#8221; custom_padding=&#8221;|||&#8221; global_colors_info=&#8221;{}&#8221; custom_padding__hover=&#8221;|||&#8221;][et_pb_blurb title=&#8221;greenkidzcaribbean&#8221; url=&#8221;https:\/\/www.instagram.com\/greenkidzcuracao\/&#8221; url_new_window=&#8221;on&#8221; image=&#8221;https:\/\/greenkidz.org\/wp-content\/uploads\/sites\/22\/2020\/07\/IG-button-los-1.png&#8221; _builder_version=&#8221;4.27.4&#8243; _module_preset=&#8221;default&#8221; header_text_align=&#8221;center&#8221; global_colors_info=&#8221;{}&#8221;][\/et_pb_blurb][\/et_pb_column][et_pb_column type=&#8221;1_5&#8243; module_class=&#8221;grijs&#8221; _builder_version=&#8221;4.16&#8243; background_enable_color=&#8221;off&#8221; background_enable_image=&#8221;off&#8221; background_size=&#8221;contain&#8221; background_position=&#8221;top_center&#8221; custom_padding=&#8221;|||&#8221; global_colors_info=&#8221;{}&#8221; custom_padding__hover=&#8221;|||&#8221;][et_pb_blurb title=&#8221;greenkidz-curacao&#8221; url=&#8221;https:\/\/www.linkedin.com\/company\/greenkidz-cura%C3%A7ao&#8221; url_new_window=&#8221;on&#8221; use_icon=&#8221;on&#8221; font_icon=&#8221;&#xe0b4;||divi||400&#8243; image_icon_width=&#8221;48px&#8221; _builder_version=&#8221;4.27.4&#8243; _module_preset=&#8221;default&#8221; header_text_align=&#8221;center&#8221; global_colors_info=&#8221;{}&#8221;][\/et_pb_blurb][\/et_pb_column][et_pb_column type=&#8221;1_5&#8243; module_class=&#8221;grijs&#8221; _builder_version=&#8221;4.16&#8243; background_enable_color=&#8221;off&#8221; background_enable_image=&#8221;off&#8221; background_size=&#8221;contain&#8221; background_position=&#8221;top_center&#8221; custom_padding=&#8221;|||&#8221; global_colors_info=&#8221;{}&#8221; custom_padding__hover=&#8221;|||&#8221;][et_pb_blurb title=&#8221;greenkidzcuracao522&#8243; url=&#8221;https:\/\/www.youtube.com\/channel\/UCnEMYb76L-Mq6T9w9lYqw8A&#8221; url_new_window=&#8221;on&#8221; image=&#8221;https:\/\/greenkidz.org\/wp-content\/uploads\/sites\/22\/2020\/07\/Youtube-button-los-1.png&#8221; _builder_version=&#8221;4.27.4&#8243; _module_preset=&#8221;default&#8221; header_text_align=&#8221;center&#8221; global_colors_info=&#8221;{}&#8221;][\/et_pb_blurb][\/et_pb_column][et_pb_column type=&#8221;1_5&#8243; module_class=&#8221;grijs&#8221; _builder_version=&#8221;4.16&#8243; background_enable_color=&#8221;off&#8221; background_enable_image=&#8221;off&#8221; background_size=&#8221;contain&#8221; background_position=&#8221;top_center&#8221; custom_padding=&#8221;|||&#8221; global_colors_info=&#8221;{}&#8221; custom_padding__hover=&#8221;|||&#8221;][et_pb_blurb title=&#8221;+5999 528 0445&#8243; url=&#8221;https:\/\/api.whatsapp.com\/send?phone=59995280445&#8243; url_new_window=&#8221;on&#8221; image=&#8221;https:\/\/greenkidz.org\/wp-content\/uploads\/sites\/22\/2020\/07\/WhatsApp-button-los-1.png&#8221; _builder_version=&#8221;4.27.4&#8243; _module_preset=&#8221;default&#8221; header_text_align=&#8221;center&#8221; global_colors_info=&#8221;{}&#8221;][\/et_pb_blurb][\/et_pb_column][\/et_pb_row][\/et_pb_section]<\/p>\n","protected":false},"excerpt":{"rendered":"<p>Organizaci\u00f3n Nombre: Fundaci\u00f3n GreenKidz Direcci\u00f3n: Kaya Abrahamsz 21, Curazao A\u00f1o de fundaci\u00f3n: 2015 Contacto: Maya Mathias, Coordinadora de GreenKidz Tel\u00e9fono: +5999 5280445 Correo electr\u00f3nico: Maya@greenkidz.org N\u00famero de la C\u00e1mara de Comercio: 135770 N\u00famero de registro: 102.430.779 Datos bancarios Banco: Maduro &amp; Curiels Bank (MCB Curazao) Direcci\u00f3n del banco: Jojo Correa 2-4, Curazao N\u00famero de cuenta [&hellip;]<\/p>\n","protected":false},"author":6,"featured_media":0,"parent":0,"menu_order":0,"comment_status":"closed","ping_status":"closed","template":"","meta":{"_et_pb_use_builder":"on","_et_pb_old_content":"","_et_gb_content_width":"","footnotes":""},"class_list":["post-15351","page","type-page","status-publish","hentry"],"_links":{"self":[{"href":"https:\/\/greenkidz.org\/es\/wp-json\/wp\/v2\/pages\/15351","targetHints":{"allow":["GET"]}}],"collection":[{"href":"https:\/\/greenkidz.org\/es\/wp-json\/wp\/v2\/pages"}],"about":[{"href":"https:\/\/greenkidz.org\/es\/wp-json\/wp\/v2\/types\/page"}],"author":[{"embeddable":true,"href":"https:\/\/greenkidz.org\/es\/wp-json\/wp\/v2\/users\/6"}],"replies":[{"embeddable":true,"href":"https:\/\/greenkidz.org\/es\/wp-json\/wp\/v2\/comments?post=15351"}],"version-history":[{"count":0,"href":"https:\/\/greenkidz.org\/es\/wp-json\/wp\/v2\/pages\/15351\/revisions"}],"wp:attachment":[{"href":"https:\/\/greenkidz.org\/es\/wp-json\/wp\/v2\/media?parent=15351"}],"curies":[{"name":"wp","href":"https:\/\/api.w.org\/{rel}","templated":true}]}}